{"id":258,"date":"2026-03-30T15:44:42","date_gmt":"2026-03-30T15:44:42","guid":{"rendered":"https:\/\/karhanizharadze.org\/?page_id=258"},"modified":"2026-04-06T12:27:50","modified_gmt":"2026-04-06T12:27:50","slug":"about","status":"publish","type":"page","link":"https:\/\/karhanizharadze.org\/index.php\/about\/","title":{"rendered":"About"},"content":{"rendered":"<div id=\"tdi_1\" class=\"tdc-zone\"><div class=\"tdc_zone tdi_2  wpb_row td-pb-row\"  >\n<style scoped>\n\/* custom css - generated by TagDiv Composer *\/\n\n\/* custom css - generated by TagDiv Composer *\/\n.tdi_2{\r\n                    min-height: 0;\r\n                }\n<\/style><div id=\"tdi_3\" class=\"tdc-row stretch_row_1200 td-stretch-content\"><div class=\"vc_row tdi_4  wpb_row td-pb-row tdc-row-content-vert-center\" >\n<style scoped>\n\/* custom css - generated by TagDiv Composer *\/\n\n\/* custom css - generated by TagDiv Composer *\/\n.tdi_4,\r\n                .tdi_4 .tdc-columns{\r\n                    min-height: 0;\r\n                }.tdi_4,\r\n\t\t\t\t.tdi_4 .tdc-columns{\r\n\t\t\t\t    display: block;\r\n\t\t\t\t}.tdi_4 .tdc-columns{\r\n\t\t\t\t    width: 100%;\r\n\t\t\t\t}.tdi_4:before,\r\n\t\t\t\t.tdi_4:after{\r\n\t\t\t\t    display: table;\r\n\t\t\t\t}@media (min-width: 767px) {\r\n                    .tdi_4.tdc-row-content-vert-center,\r\n                    .tdi_4.tdc-row-content-vert-center .tdc-columns {\r\n                        display: flex;\r\n                        align-items: center;\r\n                        flex: 1;\r\n                    }\r\n                    .tdi_4.tdc-row-content-vert-bottom,\r\n                    .tdi_4.tdc-row-content-vert-bottom .tdc-columns {\r\n                        display: flex;\r\n                        align-items: flex-end;\r\n                        flex: 1;\r\n                    }\r\n                    .tdi_4.tdc-row-content-vert-center .td_block_wrap {\r\n                        vertical-align: middle;\r\n                    }\r\n                    .tdi_4.tdc-row-content-vert-bottom .td_block_wrap {\r\n                        vertical-align: bottom;\r\n                    }\r\n                }\n\/* inline tdc_css att - generated by TagDiv Composer *\/\n\n.tdi_4{\nmargin-top:100px !important;\n--tdb-scroll-anim:none !important;\n}\n\n.tdi_4 .td_block_wrap{ text-align:left }\n\n\/* phone *\/\n@media (max-width: 767px)\n{\n.tdi_4{\nmargin-left:0px !important;\n}\n}\n\n<\/style><div class=\"vc_column tdi_6  wpb_column vc_column_container tdc-column td-pb-span6\">\n<style scoped>\n\/* custom css - generated by TagDiv Composer *\/\n\n\/* custom css - generated by TagDiv Composer *\/\n.tdi_6{\r\n                    vertical-align: baseline;\r\n                }.tdi_6 > .wpb_wrapper,\r\n\t\t\t\t.tdi_6 > .wpb_wrapper > .tdc-elements{\r\n\t\t\t\t    display: block;\r\n\t\t\t\t}.tdi_6 > .wpb_wrapper > .tdc-elements{\r\n\t\t\t\t    width: 100%;\r\n\t\t\t\t}.tdi_6 > .wpb_wrapper > .vc_row_inner{\r\n\t\t\t\t    width: auto;\r\n\t\t\t\t}.tdi_6 > .wpb_wrapper{\r\n\t\t\t\t    width: auto;\r\n\t\t\t\t    height: auto;\r\n\t\t\t\t}\n<\/style><div class=\"wpb_wrapper\" ><div class=\"td_block_wrap tdm_block_inline_image_simplified tdi_7 td-animation-stack td-pb-border-top td_block_template_1\"  data-td-block-uid=\"tdi_7\" >\n<style>\n\/* custom css - generated by TagDiv Composer *\/\n.tdm_block_inline_image_simplified{\r\n                    display: inline-flex;\r\n                    flex-direction: column;\r\n                    align-items: flex-start;\r\n                    position: relative;\r\n                    margin-bottom: 0;\r\n                }.tdm_block_inline_image_simplified > .td-element-style{\r\n                    z-index: -1;\r\n                }.tdm_block_inline_image_simplified .tdm-ii-wrap{\r\n                    position: relative;\r\n                    max-width: 100%;\r\n                }.tdm_block_inline_image_simplified .tdm-ii-wrap:before,\r\n                .tdm_block_inline_image_simplified .tdm-ii-wrap:after{\r\n                    position: absolute;\r\n                    top: 0;\r\n                    left: 0;\r\n                    width: 100%;\r\n                    height: 100%;\r\n                    transition: opacity 1s ease;\r\n                    z-index: 1;\r\n                }.tdm_block_inline_image_simplified img{\r\n                    display: block;\r\n                    width: 100%;\r\n                    border: 0 solid #000;\r\n                    transition: all 1s ease;\r\n                }\n<\/style><div class=\"tdm-ii-wrap \"><img loading=\"lazy\" decoding=\"async\" class=\"td-lazy-img\" src=\"https:\/\/karhanizharadze.org\/wp-content\/uploads\/2026\/03\/1-1-scaled.jpg\" data-type=\"image_tag\" data-img-url=\"https:\/\/karhanizharadze.org\/wp-content\/uploads\/2026\/03\/1-1-scaled.jpg\" title=\"1\" width=\"2560\" height=\"1707\" \/><\/div><\/div><\/div><\/div><div class=\"vc_column tdi_9  wpb_column vc_column_container tdc-column td-pb-span6\">\n<style scoped>\n\/* custom css - generated by TagDiv Composer *\/\n\n\/* custom css - generated by TagDiv Composer *\/\n.tdi_9{\r\n                    vertical-align: baseline;\r\n                }.tdi_9 > .wpb_wrapper,\r\n\t\t\t\t.tdi_9 > .wpb_wrapper > .tdc-elements{\r\n\t\t\t\t    display: block;\r\n\t\t\t\t}.tdi_9 > .wpb_wrapper > .tdc-elements{\r\n\t\t\t\t    width: 100%;\r\n\t\t\t\t}.tdi_9 > .wpb_wrapper > .vc_row_inner{\r\n\t\t\t\t    width: auto;\r\n\t\t\t\t}.tdi_9 > .wpb_wrapper{\r\n\t\t\t\t    width: auto;\r\n\t\t\t\t    height: auto;\r\n\t\t\t\t}\n<\/style><div class=\"wpb_wrapper\" ><div class=\"tdm_block td_block_wrap tdm_block_column_title tdi_10 tdm-content-horiz-left td-pb-border-top td_block_template_1\"  data-td-block-uid=\"tdi_10\" >\n<style>\n\/* custom css - generated by TagDiv Composer *\/\n.tdm_block_column_title{\r\n                  margin-bottom: 0;\r\n                  display: inline-block;\r\n                  width: 100%;\r\n                }\n<\/style><div class=\"td-block-row\"><div class=\"td-block-span12 tdm-col\">\n<style>\n\/* custom css - generated by TagDiv Composer *\/\nbody .tdi_11 .tdm-title{\r\n\t\t\t\t\tcolor: #b62500;\r\n\t\t\t\t}.tdi_11 .tdm-title{\r\n\t\t\t\t\tfont-family:Noto Serif !important;font-size:50px !important;\r\n\t\t\t\t}\n\n\/* portrait *\/\n@media (min-width: 768px) and (max-width: 1018px){\n.tdi_11 .tdm-title{\r\n\t\t\t\t\tfont-size:30px !important;\r\n\t\t\t\t}\n}\n\n\/* phone *\/\n@media (max-width: 767px){\n.tdi_11 .tdm-title{\r\n\t\t\t\t\tfont-size:28px !important;\r\n\t\t\t\t}\n}\n<\/style><div class=\"tds-title tds-title1 td-fix-index tdi_11 \"><h3 class=\"tdm-title tdm-title-md\">Karha Nizharadze<\/h3><\/div><\/div><\/div><\/div><div class=\"tdm_block td_block_wrap tdm_block_inline_text tdi_12 tdm-inline-block td-pb-border-top td_block_template_1\"  data-td-block-uid=\"tdi_12\" >\n<style>\n\/* custom css - generated by TagDiv Composer *\/\n.tdm_block.tdm_block_inline_text{\r\n                  margin-bottom: 0;\r\n                  vertical-align: top;\r\n                }.tdm_block.tdm_block_inline_text .tdm-descr{\r\n                  margin-bottom: 0;\r\n                  -webkit-transform: translateZ(0);\r\n                  transform: translateZ(0);\r\n                }.tdc-row-content-vert-center .tdm-inline-text-yes{\r\n                  vertical-align: middle;\r\n                }.tdc-row-content-vert-bottom .tdm-inline-text-yes{\r\n                  vertical-align: bottom;\r\n                }.tdi_12{\r\n                    text-align: left !important;\r\n                }\n<\/style><p class=\"tdm-descr\">Karha Nizharadze est n\u00e9 le 3 d\u00e9cembre 1970 en G\u00e9orgie, \u00e0 Batumi, ville baln\u00e9aire situ\u00e9e au bord de la mer Noire, \u00e0 l\u2019\u00e9poque o\u00f9 son pays faisait encore partie de l\u2019URSS.  La G\u00e9orgie et le Caucase est une r\u00e9gion aux traditions fortes, aux \u00e9changes commerciaux intenses depuis des si\u00e8cles, au sens de l\u2019accueil sans pareil, situ\u00e9e sur la route de la soie. Karha y grandira dans un milieu bilingue d\u00e8s sa naissance puisque ses parents sont g\u00e9orgiens alors que sa grand-m\u00e8re maternelle est originaire de Sib\u00e9rie. \nKarha apprendra par ailleurs les premi\u00e8res bases du fran\u00e7ais par sa m\u00e8re, enseignante de russe et lectrice assidue. Le p\u00e8re, physicien de formation, est depuis toujours passionn\u00e9 de photo et d\u2019histoire de l\u2019art et lui transmettra l\u2019amour pour l\u2019histoire, la politique et la culture.\n<\/p><\/div><\/div><\/div><\/div><\/div><div id=\"tdi_13\" class=\"tdc-row stretch_row_1200 td-stretch-content\"><div class=\"vc_row tdi_14  wpb_row td-pb-row tdc-row-content-vert-center\" >\n<style scoped>\n\/* custom css - generated by TagDiv Composer *\/\n\n\/* custom css - generated by TagDiv Composer *\/\n.tdi_14,\r\n                .tdi_14 .tdc-columns{\r\n                    min-height: 0;\r\n                }.tdi_14,\r\n\t\t\t\t.tdi_14 .tdc-columns{\r\n\t\t\t\t    display: block;\r\n\t\t\t\t}.tdi_14 .tdc-columns{\r\n\t\t\t\t    width: 100%;\r\n\t\t\t\t}.tdi_14:before,\r\n\t\t\t\t.tdi_14:after{\r\n\t\t\t\t    display: table;\r\n\t\t\t\t}@media (min-width: 767px) {\r\n                    .tdi_14.tdc-row-content-vert-center,\r\n                    .tdi_14.tdc-row-content-vert-center .tdc-columns {\r\n                        display: flex;\r\n                        align-items: center;\r\n                        flex: 1;\r\n                    }\r\n                    .tdi_14.tdc-row-content-vert-bottom,\r\n                    .tdi_14.tdc-row-content-vert-bottom .tdc-columns {\r\n                        display: flex;\r\n                        align-items: flex-end;\r\n                        flex: 1;\r\n                    }\r\n                    .tdi_14.tdc-row-content-vert-center .td_block_wrap {\r\n                        vertical-align: middle;\r\n                    }\r\n                    .tdi_14.tdc-row-content-vert-bottom .td_block_wrap {\r\n                        vertical-align: bottom;\r\n                    }\r\n                }\n\/* inline tdc_css att - generated by TagDiv Composer *\/\n\n.tdi_14{\n--tdb-scroll-anim:none !important;\n}\n\n.tdi_14 .td_block_wrap{ text-align:left }\n\n\/* phone *\/\n@media (max-width: 767px)\n{\n.tdi_14{\nmargin-left:0px !important;\n}\n}\n\n<\/style><div class=\"vc_column tdi_16  wpb_column vc_column_container tdc-column td-pb-span12\">\n<style scoped>\n\/* custom css - generated by TagDiv Composer *\/\n\n\/* custom css - generated by TagDiv Composer *\/\n.tdi_16{\r\n                    vertical-align: baseline;\r\n                }.tdi_16 > .wpb_wrapper,\r\n\t\t\t\t.tdi_16 > .wpb_wrapper > .tdc-elements{\r\n\t\t\t\t    display: block;\r\n\t\t\t\t}.tdi_16 > .wpb_wrapper > .tdc-elements{\r\n\t\t\t\t    width: 100%;\r\n\t\t\t\t}.tdi_16 > .wpb_wrapper > .vc_row_inner{\r\n\t\t\t\t    width: auto;\r\n\t\t\t\t}.tdi_16 > .wpb_wrapper{\r\n\t\t\t\t    width: auto;\r\n\t\t\t\t    height: auto;\r\n\t\t\t\t}\n<\/style><div class=\"wpb_wrapper\" ><div class=\"tdm_block td_block_wrap tdm_block_inline_text tdi_17 tdm-inline-block td-pb-border-top td_block_template_1\"  data-td-block-uid=\"tdi_17\" >\n<style>\n\/* custom css - generated by TagDiv Composer *\/\n.tdi_17{\r\n                    text-align: left !important;\r\n                }\n<\/style><p class=\"tdm-descr\">Conscients que leur fils pr\u00e9sente d\u00e9j\u00e0 enfant un don sp\u00e9cial pour le dessin, Karha suivra d\u00e8s 9 ans l\u2019\u00e9cole de dessin pour enfants, en parall\u00e8le au cursus habituel du cycle primaire et secondaire, avant d\u2019entrer \u00e0 la Haute Ecole des Beaux-Arts \u00e0 l\u2019\u00e2ge de 17 ans et obtenir apr\u00e8s quatre ans d\u2019\u00e9tudes, le Dipl\u00f4me en P\u00e9dagogie Artistique qui lui permettra d\u2019enseigner le dessin et la peinture sous toutes ses formes, avec une attention particuli\u00e8re pour la ma\u00eetrise de la couleur et des m\u00e9langes.\nIl poursuit d\u00e8s ses 22 ans des \u00e9tudes d\u2019Art \u00e0 l\u2019Acad\u00e9mie des Beaux-Arts de Tbilisi, grand centre urbain de l\u2019art g\u00e9orgien et capitale du pays, apr\u00e8s un concours d\u2019entr\u00e9e extr\u00eamement s\u00e9lectif et exigeant qui ne fait rentrer que deux nouveaux \u00e9tudiants par ann\u00e9e. L\u2019Acad\u00e9mie poss\u00e8de un niveau universitaire, celle de Tbilissi \u00e9tait r\u00e9put\u00e9e, tout comme celle de Moscou, pour sa formation approfondie dans toutes les branches artistiques : peinture, sculpture, architecture, restauration de fresques byzantines d\u2019\u00e9glise et de tableaux anciens, graphisme. Les artistes issus de cette facult\u00e9 sont donc des professionnels \u00e0 part enti\u00e8re, avec une formation solide et h\u00e9t\u00e9roclite: Karha y obtiendra apr\u00e8s cinq ans son Dipl\u00f4me en Beaux-Arts avec une sp\u00e9cialisation en peinture monumentale et fresques murales.\nDans un d\u00e9sir de d\u00e9couvrir de nouvelles formes d\u2019expression artistique au del\u00e0 des anciennes fronti\u00e8res de l\u2019URSS, avide de libert\u00e9, de modernit\u00e9, de d\u00e9couvertes, Karha quittera son pays en 1999 pour vivre successivement \u00e0 Paris puis \u00e0 Metz, en France, o\u00f9 il participera \u00e0 plusieurs expositions personnelles et collectives (en Lorraine et Luxembourg) tout en suivant des cours \u00e0 la Facult\u00e9 d\u2019Arts plastiques de Metz pour s\u2019impr\u00e9gner de la culture d\u2019ici et construire un r\u00e9seau d\u2019artistes qui deviendront ses plus proches amis.\nSe faisant conna\u00eetre et remarquer dans des salons d\u2019Art europ\u00e9ens, il entrera peu \u00e0 peu dans plusieurs galeries fran\u00e7aises et suisses qui repr\u00e9sentent sa peinture: Galerie du Vieux Belfort, Adel Galerie \u00e0 Lyon, Galerie Vend\u00f4me \u00e0 Paris, Galerie Paschos \u00e0 Grimaud, Plexus Galerie \u00e0 Montreux, Au-del\u00e0 des Apparences \u00e0 Annecy et r\u00e9cemment Erasmus\u2019s Utopia Contrast Art Galerie, \u00e0 Brugge.\n<\/p><\/div><\/div><\/div><\/div><\/div><div id=\"tdi_18\" class=\"tdc-row stretch_row_1400 td-stretch-content\"><div class=\"vc_row tdi_19  wpb_row td-pb-row tdc-element-style\" >\n<style scoped>\n\/* custom css - generated by TagDiv Composer *\/\n\n\/* custom css - generated by TagDiv Composer *\/\n.tdi_19,\r\n                .tdi_19 .tdc-columns{\r\n                    min-height: 0;\r\n                }.tdi_19,\r\n\t\t\t\t.tdi_19 .tdc-columns{\r\n\t\t\t\t    display: block;\r\n\t\t\t\t}.tdi_19 .tdc-columns{\r\n\t\t\t\t    width: 100%;\r\n\t\t\t\t}.tdi_19:before,\r\n\t\t\t\t.tdi_19:after{\r\n\t\t\t\t    display: table;\r\n\t\t\t\t}\n\/* inline tdc_css att - generated by TagDiv Composer *\/\n\n.tdi_19{\nmargin-top:100px !important;\nmargin-bottom:100px !important;\nposition:relative;\n}\n\n.tdi_19 .td_block_wrap{ text-align:left }\n\n\/* landscape *\/\n@media (min-width: 1019px) and (max-width: 1140px)\n{\n.tdi_19{\nmargin-top:50px !important;\nmargin-bottom:50px !important;\n}\n}\n\n\/* portrait *\/\n@media (min-width: 768px) and (max-width: 1018px)\n{\n.tdi_19{\nmargin-top:50px !important;\nmargin-bottom:50px !important;\n}\n}\n\n\/* phone *\/\n@media (max-width: 767px)\n{\n.tdi_19{\nmargin-top:50px !important;\nmargin-bottom:50px !important;\n}\n}\n\n<\/style>\n<div class=\"tdi_18_rand_style td-element-style\" ><div class=\"td-element-style-before\"><style>\n\/* custom css - generated by TagDiv Composer *\/\n\n.tdi_18_rand_style > .td-element-style-before {\ncontent:'' !important;\nwidth:100% !important;\nheight:100% !important;\nposition:absolute !important;\ntop:0 !important;\nleft:0 !important;\ndisplay:block !important;\nz-index:0 !important;\nborder-color:#f2f2f2 !important;\nborder-style:solid !important;\nborder-width: 1px 0px 1px 0px !important;\n}\n<\/style><\/div><\/div><div class=\"vc_column tdi_21  wpb_column vc_column_container tdc-column td-pb-span3\">\n<style scoped>\n\/* custom css - generated by TagDiv Composer *\/\n\n\/* custom css - generated by TagDiv Composer *\/\n.tdi_21{\r\n                    vertical-align: baseline;\r\n                }.tdi_21 > .wpb_wrapper,\r\n\t\t\t\t.tdi_21 > .wpb_wrapper > .tdc-elements{\r\n\t\t\t\t    display: block;\r\n\t\t\t\t}.tdi_21 > .wpb_wrapper > .tdc-elements{\r\n\t\t\t\t    width: 100%;\r\n\t\t\t\t}.tdi_21 > .wpb_wrapper > .vc_row_inner{\r\n\t\t\t\t    width: auto;\r\n\t\t\t\t}.tdi_21 > .wpb_wrapper{\r\n\t\t\t\t    width: auto;\r\n\t\t\t\t    height: auto;\r\n\t\t\t\t}\n\/* inline tdc_css att - generated by TagDiv Composer *\/\n\n.tdi_21{\npadding-right:40px !important;\nborder-color:#f2f2f2 !important;\nborder-style:solid !important;\nborder-width: 0px 1px 0px 0px !important;\n}\n\n\/* portrait *\/\n@media (min-width: 768px) and (max-width: 1018px)\n{\n.tdi_21{\npadding-right:20px !important;\n}\n}\n\n\/* phone *\/\n@media (max-width: 767px)\n{\n.tdi_21{\npadding-right:0px !important;\nborder-width: 0px 0px 0px 0px !important;\n}\n}\n\n<\/style><div class=\"wpb_wrapper\" ><div class=\"tdm_block td_block_wrap tdm_block_text_image tdi_22 td-animation-stack tdm-layout-13-23 tdm-content-horiz-left tdm-content-vert-center td-pb-border-top td_block_template_1\"  data-td-block-uid=\"tdi_22\" >\n<style>\n\/* custom css - generated by TagDiv Composer *\/\n.tdm_block_text_image .tdm-text-wrap{\r\n                  padding-top: 20px;\r\n                  padding-bottom: 20px;\r\n                }.tdm_block_text_image .tdm-descr{\r\n                  margin-bottom: 0;\r\n                }.tdm_block_text_image .tds-button{\r\n                  margin-top: 30px;\r\n                }@media (min-width: 767px) {\r\n                  .tdm_block_text_image.tdm-text-image-extend-img {\r\n                    margin-right: calc((-100vw + 100%) \/ 2);\r\n                  }\r\n                  .tdm_block_text_image.tdm-text-image-extend-img.tdm-flip-yes {\r\n                    margin-right: 0;\r\n                    margin-left: calc((-100vw + 100%) \/ 2);\r\n                  }\r\n                  .tdm_block_text_image.tdm-text-image-extend-img.tdm-flip-yes .tdm-col-img {\r\n                    text-align: right;\r\n                  }\r\n                }@media (max-width: 767px) {\r\n                  .tdm_block_text_image .tdm-col-img {\r\n                    margin-top: 36px;\r\n                  }\r\n                  .tdm_block_text_image.tdm-flip-yes .tdm-col-img {\r\n                    margin-top: 0;\r\n                    margin-bottom: 15px;\r\n                  }\r\n                }\n<\/style><div class=\"td-block-width tdm-fix-full\"><div class=\"td-block-row tdm-row\"><div class=\"td-block-span6 tdm-col\"><div class=\"tdm-text-wrap tdm-text-padding\"><div class=\"tds-title tds-title1 td-fix-index tdi_23 \"><h3 class=\"tdm-title tdm-title-md\">10 +<\/h3><\/div><p class=\"tdm-descr td-fix-index\">Expositions Collectives<\/p><\/div><\/div><div class=\"td-block-span6 tdm-col tdm-col-img\"><img class=\"tdm-image td-fix-index td-lazy-img\" data-type=\"image_tag\" data-img-url=\"https:\/\/karhanizharadze.org\/wp-content\/uploads\/2026\/03\/Expositions-Collectives.png\"  title=\"Expositions Collectives\" width=\"562\" height=\"574\"><\/div><\/div><\/div><\/div><\/div><\/div><div class=\"vc_column tdi_25  wpb_column vc_column_container tdc-column td-pb-span3\">\n<style scoped>\n\/* custom css - generated by TagDiv Composer *\/\n\n\/* custom css - generated by TagDiv Composer *\/\n.tdi_25{\r\n                    vertical-align: baseline;\r\n                }.tdi_25 > .wpb_wrapper,\r\n\t\t\t\t.tdi_25 > .wpb_wrapper > .tdc-elements{\r\n\t\t\t\t    display: block;\r\n\t\t\t\t}.tdi_25 > .wpb_wrapper > .tdc-elements{\r\n\t\t\t\t    width: 100%;\r\n\t\t\t\t}.tdi_25 > .wpb_wrapper > .vc_row_inner{\r\n\t\t\t\t    width: auto;\r\n\t\t\t\t}.tdi_25 > .wpb_wrapper{\r\n\t\t\t\t    width: auto;\r\n\t\t\t\t    height: auto;\r\n\t\t\t\t}\n\/* inline tdc_css att - generated by TagDiv Composer *\/\n\n.tdi_25{\npadding-right:40px !important;\npadding-left:40px !important;\nborder-color:#f2f2f2 !important;\nborder-style:solid !important;\nborder-width: 0px 1px 0px 0px !important;\n}\n\n\/* portrait *\/\n@media (min-width: 768px) and (max-width: 1018px)\n{\n.tdi_25{\npadding-right:20px !important;\npadding-left:20px !important;\n}\n}\n\n\/* phone *\/\n@media (max-width: 767px)\n{\n.tdi_25{\npadding-right:0px !important;\npadding-left:0px !important;\nborder-width: 0px 0px 0px 0px !important;\n}\n}\n\n<\/style><div class=\"wpb_wrapper\" ><div class=\"tdm_block td_block_wrap tdm_block_text_image tdi_26 td-animation-stack tdm-layout-13-23 tdm-content-horiz-left tdm-content-vert-center td-pb-border-top td_block_template_1\"  data-td-block-uid=\"tdi_26\" ><div class=\"td-block-width tdm-fix-full\"><div class=\"td-block-row tdm-row\"><div class=\"td-block-span6 tdm-col\"><div class=\"tdm-text-wrap tdm-text-padding\"><div class=\"tds-title tds-title1 td-fix-index tdi_27 \"><h3 class=\"tdm-title tdm-title-md\">20 +<\/h3><\/div><p class=\"tdm-descr td-fix-index\">Expositions Personalles<\/p><\/div><\/div><div class=\"td-block-span6 tdm-col tdm-col-img\"><img class=\"tdm-image td-fix-index td-lazy-img\" data-type=\"image_tag\" data-img-url=\"https:\/\/karhanizharadze.org\/wp-content\/uploads\/2026\/03\/Expositions-Personalles.png\"  title=\"Expositions Personalles\" width=\"562\" height=\"574\"><\/div><\/div><\/div><\/div><\/div><\/div><div class=\"vc_column tdi_29  wpb_column vc_column_container tdc-column td-pb-span3\">\n<style scoped>\n\/* custom css - generated by TagDiv Composer *\/\n\n\/* custom css - generated by TagDiv Composer *\/\n.tdi_29{\r\n                    vertical-align: baseline;\r\n                }.tdi_29 > .wpb_wrapper,\r\n\t\t\t\t.tdi_29 > .wpb_wrapper > .tdc-elements{\r\n\t\t\t\t    display: block;\r\n\t\t\t\t}.tdi_29 > .wpb_wrapper > .tdc-elements{\r\n\t\t\t\t    width: 100%;\r\n\t\t\t\t}.tdi_29 > .wpb_wrapper > .vc_row_inner{\r\n\t\t\t\t    width: auto;\r\n\t\t\t\t}.tdi_29 > .wpb_wrapper{\r\n\t\t\t\t    width: auto;\r\n\t\t\t\t    height: auto;\r\n\t\t\t\t}\n\/* inline tdc_css att - generated by TagDiv Composer *\/\n\n.tdi_29{\npadding-left:40px !important;\n}\n\n\/* portrait *\/\n@media (min-width: 768px) and (max-width: 1018px)\n{\n.tdi_29{\npadding-left:20px !important;\n}\n}\n\n\/* phone *\/\n@media (max-width: 767px)\n{\n.tdi_29{\npadding-left:0px !important;\n}\n}\n\n<\/style><div class=\"wpb_wrapper\" ><div class=\"tdm_block td_block_wrap tdm_block_text_image tdi_30 td-animation-stack tdm-layout-13-23 tdm-content-horiz-left tdm-content-vert-center td-pb-border-top td_block_template_1\"  data-td-block-uid=\"tdi_30\" ><div class=\"td-block-width tdm-fix-full\"><div class=\"td-block-row tdm-row\"><div class=\"td-block-span6 tdm-col\"><div class=\"tdm-text-wrap tdm-text-padding\"><div class=\"tds-title tds-title1 td-fix-index tdi_31 \"><h3 class=\"tdm-title tdm-title-md\">50 +<\/h3><\/div><p class=\"tdm-descr td-fix-index\">Fresques Murales<\/p><\/div><\/div><div class=\"td-block-span6 tdm-col tdm-col-img\"><img class=\"tdm-image td-fix-index td-lazy-img\" data-type=\"image_tag\" data-img-url=\"https:\/\/karhanizharadze.org\/wp-content\/uploads\/2026\/03\/Fresques-Murales.png\"  title=\"Fresques Murales\" width=\"562\" height=\"574\"><\/div><\/div><\/div><\/div><\/div><\/div><div class=\"vc_column tdi_33  wpb_column vc_column_container tdc-column td-pb-span3\">\n<style scoped>\n\/* custom css - generated by TagDiv Composer *\/\n\n\/* custom css - generated by TagDiv Composer *\/\n.tdi_33{\r\n                    vertical-align: baseline;\r\n                }.tdi_33 > .wpb_wrapper,\r\n\t\t\t\t.tdi_33 > .wpb_wrapper > .tdc-elements{\r\n\t\t\t\t    display: block;\r\n\t\t\t\t}.tdi_33 > .wpb_wrapper > .tdc-elements{\r\n\t\t\t\t    width: 100%;\r\n\t\t\t\t}.tdi_33 > .wpb_wrapper > .vc_row_inner{\r\n\t\t\t\t    width: auto;\r\n\t\t\t\t}.tdi_33 > .wpb_wrapper{\r\n\t\t\t\t    width: auto;\r\n\t\t\t\t    height: auto;\r\n\t\t\t\t}\n<\/style><div class=\"wpb_wrapper\" ><div class=\"tdm_block td_block_wrap tdm_block_text_image tdi_34 td-animation-stack tdm-layout-13-23 tdm-content-horiz-left tdm-content-vert-center td-pb-border-top td_block_template_1\"  data-td-block-uid=\"tdi_34\" ><div class=\"td-block-width tdm-fix-full\"><div class=\"td-block-row tdm-row\"><div class=\"td-block-span6 tdm-col\"><div class=\"tdm-text-wrap tdm-text-padding\"><div class=\"tds-title tds-title1 td-fix-index tdi_35 \"><h3 class=\"tdm-title tdm-title-md\">260 +<\/h3><\/div><p class=\"tdm-descr td-fix-index\">Works<\/p><\/div><\/div><div class=\"td-block-span6 tdm-col tdm-col-img\"><img class=\"tdm-image td-fix-index td-lazy-img\" data-type=\"image_tag\" data-img-url=\"https:\/\/karhanizharadze.org\/wp-content\/uploads\/2026\/03\/Works.png\"  title=\"Works\" width=\"562\" height=\"574\"><\/div><\/div><\/div><\/div><\/div><\/div><\/div><\/div><div id=\"tdi_36\" class=\"tdc-row\"><div class=\"vc_row tdi_37  wpb_row td-pb-row\" >\n<style scoped>\n\/* custom css - generated by TagDiv Composer *\/\n\n\/* custom css - generated by TagDiv Composer *\/\n.tdi_37,\r\n                .tdi_37 .tdc-columns{\r\n                    min-height: 0;\r\n                }.tdi_37,\r\n\t\t\t\t.tdi_37 .tdc-columns{\r\n\t\t\t\t    display: block;\r\n\t\t\t\t}.tdi_37 .tdc-columns{\r\n\t\t\t\t    width: 100%;\r\n\t\t\t\t}.tdi_37:before,\r\n\t\t\t\t.tdi_37:after{\r\n\t\t\t\t    display: table;\r\n\t\t\t\t}\n\/* inline tdc_css att - generated by TagDiv Composer *\/\n\n.tdi_37{\nmargin-bottom:60px !important;\n}\n\n.tdi_37 .td_block_wrap{ text-align:left }\n\n\/* portrait *\/\n@media (min-width: 768px) and (max-width: 1018px)\n{\n.tdi_37{\nmargin-top:26px !important;\nmargin-bottom:40px !important;\n}\n}\n\n\/* phone *\/\n@media (max-width: 767px)\n{\n.tdi_37{\ndisplay:none !important;\n}\n}\n\n<\/style><div class=\"vc_column tdi_39  wpb_column vc_column_container tdc-column td-pb-span12\">\n<style scoped>\n\/* custom css - generated by TagDiv Composer *\/\n\n\/* custom css - generated by TagDiv Composer *\/\n.tdi_39{\r\n                    vertical-align: baseline;\r\n                }.tdi_39 > .wpb_wrapper,\r\n\t\t\t\t.tdi_39 > .wpb_wrapper > .tdc-elements{\r\n\t\t\t\t    display: block;\r\n\t\t\t\t}.tdi_39 > .wpb_wrapper > .tdc-elements{\r\n\t\t\t\t    width: 100%;\r\n\t\t\t\t}.tdi_39 > .wpb_wrapper > .vc_row_inner{\r\n\t\t\t\t    width: auto;\r\n\t\t\t\t}.tdi_39 > .wpb_wrapper{\r\n\t\t\t\t    width: auto;\r\n\t\t\t\t    height: auto;\r\n\t\t\t\t}\n<\/style><div class=\"wpb_wrapper\" ><\/div><\/div><\/div><\/div><\/div><\/div>","protected":false},"excerpt":{"rendered":"","protected":false},"author":1,"featured_media":0,"parent":0,"menu_order":0,"comment_status":"closed","ping_status":"closed","template":"","meta":{"footnotes":""},"class_list":["post-258","page","type-page","status-publish"],"_links":{"self":[{"href":"https:\/\/karhanizharadze.org\/index.php\/wp-json\/wp\/v2\/pages\/258","targetHints":{"allow":["GET"]}}],"collection":[{"href":"https:\/\/karhanizharadze.org\/index.php\/wp-json\/wp\/v2\/pages"}],"about":[{"href":"https:\/\/karhanizharadze.org\/index.php\/wp-json\/wp\/v2\/types\/page"}],"author":[{"embeddable":true,"href":"https:\/\/karhanizharadze.org\/index.php\/wp-json\/wp\/v2\/users\/1"}],"replies":[{"embeddable":true,"href":"https:\/\/karhanizharadze.org\/index.php\/wp-json\/wp\/v2\/comments?post=258"}],"version-history":[{"count":4,"href":"https:\/\/karhanizharadze.org\/index.php\/wp-json\/wp\/v2\/pages\/258\/revisions"}],"predecessor-version":[{"id":286,"href":"https:\/\/karhanizharadze.org\/index.php\/wp-json\/wp\/v2\/pages\/258\/revisions\/286"}],"wp:attachment":[{"href":"https:\/\/karhanizharadze.org\/index.php\/wp-json\/wp\/v2\/media?parent=258"}],"curies":[{"name":"wp","href":"https:\/\/api.w.org\/{rel}","templated":true}]}}